{"id":9,"date":"2025-08-03T23:11:04","date_gmt":"2025-08-03T23:11:04","guid":{"rendered":"http:\/\/sanautf.cluster100.hosting.ovh.net\/index.php\/page\/"},"modified":"2025-08-05T19:27:39","modified_gmt":"2025-08-05T19:27:39","slug":"page","status":"publish","type":"page","link":"https:\/\/sanauto.es\/index.php\/page\/","title":{"rendered":"Page"},"content":{"rendered":"<p data-start=\"279\" data-end=\"373\"><strong data-start=\"279\" data-end=\"373\">Bienvenido a SanAuto \u2013 Tu socio de confianza en la compra y venta de veh\u00edculos de ocasi\u00f3n.<\/strong><\/p>\n<p data-start=\"375\" data-end=\"697\">En SanAuto, nos especializamos en ofrecer una amplia selecci\u00f3n de coches de segunda mano revisados, garantizados y al mejor precio del mercado. Tanto si buscas tu primer coche, renovar tu veh\u00edculo actual o vender el tuyo r\u00e1pidamente, nuestro equipo est\u00e1 aqu\u00ed para ayudarte con un servicio transparente, \u00e1gil y profesional.<\/p>\n<p data-start=\"699\" data-end=\"723\">\ud83d\ude97 <strong data-start=\"702\" data-end=\"721\">\u00bfQu\u00e9 ofrecemos?<\/strong><\/p>\n<ul data-start=\"724\" data-end=\"1053\">\n<li data-start=\"724\" data-end=\"783\">\n<p data-start=\"726\" data-end=\"783\">Venta de veh\u00edculos de ocasi\u00f3n seleccionados y revisados<\/p>\n<\/li>\n<li data-start=\"784\" data-end=\"846\">\n<p data-start=\"786\" data-end=\"846\">Compra de tu coche con tasaci\u00f3n inmediata y sin compromiso<\/p>\n<\/li>\n<li data-start=\"847\" data-end=\"907\">\n<p data-start=\"849\" data-end=\"907\">Asesoramiento personalizado en espa\u00f1ol, franc\u00e9s e ingl\u00e9s<\/p>\n<\/li>\n<li data-start=\"908\" data-end=\"956\">\n<p data-start=\"910\" data-end=\"956\">Gesti\u00f3n completa de documentaci\u00f3n y tr\u00e1mites<\/p>\n<\/li>\n<li data-start=\"957\" data-end=\"998\">\n<p data-start=\"959\" data-end=\"998\">Posibilidad de entrega en toda Espa\u00f1a<\/p>\n<\/li>\n<li data-start=\"999\" data-end=\"1053\">\n<p data-start=\"1001\" data-end=\"1053\">Contacto directo v\u00eda WhatsApp para mayor comodidad<\/p>\n<\/li>\n<\/ul>\n<p data-start=\"1055\" data-end=\"1283\">\ud83d\udcac <strong data-start=\"1058\" data-end=\"1099\">Tu satisfacci\u00f3n es nuestra prioridad.<\/strong><br data-start=\"1099\" data-end=\"1102\" \/>En SanAuto creemos en la confianza, la calidad y la atenci\u00f3n personalizada. Cada veh\u00edculo publicado ha sido inspeccionado cuidadosamente para garantizar tu seguridad y tranquilidad.<\/p>\n<p data-start=\"1285\" data-end=\"1452\">\n","protected":false},"excerpt":{"rendered":"<p>Bienvenido a SanAuto \u2013 Tu socio de confianza en la compra y venta de veh\u00edculos de ocasi\u00f3n. En SanAuto, nos especializamos en ofrecer una amplia selecci\u00f3n de coches de segunda mano revisados, garantizados y al mejor precio del mercado. Tanto si buscas tu primer coche, renovar tu veh\u00edculo actual o vender el tuyo r\u00e1pidamente, nuestro &hellip; <\/p>\n<p class=\"link-more\"><a href=\"https:\/\/sanauto.es\/index.php\/page\/\" class=\"more-link\">Continue reading<span class=\"screen-reader-text\"> \u00abPage\u00bb<\/span><\/a><\/p>\n","protected":false},"author":1,"featured_media":0,"parent":0,"menu_order":0,"comment_status":"closed","ping_status":"closed","template":"","meta":{"slim_seo":{"canonical":"sanauto.es","title":"Page - SanAuto","description":"Bienvenido a SanAuto \u2013 Tu socio de confianza en la compra y venta de veh\u00edculos de ocasi\u00f3n. En SanAuto, nos especializamos en ofrecer una amplia selecci\u00f3n de coc"},"footnotes":""},"class_list":["post-9","page","type-page","status-publish","hentry"],"_links":{"self":[{"href":"https:\/\/sanauto.es\/index.php\/wp-json\/wp\/v2\/pages\/9","targetHints":{"allow":["GET"]}}],"collection":[{"href":"https:\/\/sanauto.es\/index.php\/wp-json\/wp\/v2\/pages"}],"about":[{"href":"https:\/\/sanauto.es\/index.php\/wp-json\/wp\/v2\/types\/page"}],"author":[{"embeddable":true,"href":"https:\/\/sanauto.es\/index.php\/wp-json\/wp\/v2\/users\/1"}],"replies":[{"embeddable":true,"href":"https:\/\/sanauto.es\/index.php\/wp-json\/wp\/v2\/comments?post=9"}],"version-history":[{"count":1,"href":"https:\/\/sanauto.es\/index.php\/wp-json\/wp\/v2\/pages\/9\/revisions"}],"predecessor-version":[{"id":119,"href":"https:\/\/sanauto.es\/index.php\/wp-json\/wp\/v2\/pages\/9\/revisions\/119"}],"wp:attachment":[{"href":"https:\/\/sanauto.es\/index.php\/wp-json\/wp\/v2\/media?parent=9"}],"curies":[{"name":"wp","href":"https:\/\/api.w.org\/{rel}","templated":true}]}}